{"id":51,"date":"2015-12-06T21:44:58","date_gmt":"2015-12-06T20:44:58","guid":{"rendered":"http:\/\/www.kolping-rohrbach.de\/kf\/?page_id=51"},"modified":"2025-12-09T07:08:53","modified_gmt":"2025-12-09T06:08:53","slug":"aktuelle-termine","status":"publish","type":"page","link":"https:\/\/www.kolping-rohrbach.de\/kf\/aktuelle-termine\/","title":{"rendered":"Aktuelle Termine 2026"},"content":{"rendered":"\n<p style=\"text-align: center;\"><a href=\"https:\/\/www.kolping-rohrbach.de\/kf\/wp-content\/uploads\/Kolpingprogramm2026.pdf\" target=\"_blank\" rel=\"noopener\"><span style=\"color: #ff6600;\"><strong>+++ ALLE TERMINE K\u00d6NNEN SIE HIER ALS FLYER HERUNTERLADEN +++<\/strong><\/span><\/a><\/p>\n<p><span style=\"color: #ff6600;\"><strong>NEU: ab Januar: After-Work-Andacht<br \/><\/strong><\/span>Einmal im Monat innehalten: Ab Januar 2026, jeden <strong>3.<\/strong>Donnerstag um 17 Uhr im Jugendheim Rohrbach. Kurze Andacht, Begegnung, Snacks und Getr\u00e4nke \u2013 f\u00fcr Familien und Berufst\u00e4tige, die bewusst zur Ruhe kommen m\u00f6chten.<\/p>\n<p>Die <strong>After-Work-Andachten<\/strong> finden immer vor den Kolping-Stammtischterminen statt (siehe unten). Am 21.05. und 15.10.2026 (Andachten Geistkircher Kapelle) findet <strong>keine<\/strong> After-Work-Andacht statt.<\/p>\n<p><span style=\"color: #ff6600;\"><strong>Kolping Stammtisch<br \/><\/strong><\/span>Zu unserem Stammtisch treffen wir uns jeden <strong>3. Donnerstag<\/strong> eines Monats <strong>um 19.00 Uhr<\/strong>. Hierzu sind alle &#8211; jung und alt \u2013 herzlich eingeladen!<\/p>\n<p>Die Stammtische finden in den nachfolgenden Gasth\u00e4usern statt:<br \/>15.01.2026\u00a0\u00a0\u00a0\u00a0\u00a0\u00a0\u00a0\u00a0\u00a0 Zum M\u00fchlehannes<br \/>19.02.2026\u00a0\u00a0\u00a0\u00a0\u00a0\u00a0\u00a0\u00a0\u00a0 Zum M\u00fchlehannes<br \/>19.03.2026\u00a0\u00a0\u00a0\u00a0\u00a0\u00a0\u00a0\u00a0\u00a0 Jugendheim (Mitgliederversammlung)<br \/>16.04.2026\u00a0\u00a0\u00a0\u00a0\u00a0\u00a0\u00a0\u00a0\u00a0 Zum M\u00fchlehannes<br \/>21.05.2026\u00a0\u00a0\u00a0\u00a0\u00a0\u00a0\u00a0\u00a0\u00a0 nach Maiandacht: Luitpold\u2019s Lust<br \/>18.06.2026\u00a0\u00a0\u00a0\u00a0\u00a0\u00a0\u00a0\u00a0\u00a0 Luitpold\u2019s Lust<br \/>16.07.2026\u00a0\u00a0\u00a0\u00a0\u00a0\u00a0\u00a0\u00a0\u00a0 Luitpold\u2019s Lust \u2013 Ferienstammtisch<br \/>20.08.2026\u00a0\u00a0\u00a0\u00a0\u00a0\u00a0\u00a0\u00a0\u00a0 Luitpold\u2019s Lust<br \/>17.09.2026\u00a0\u00a0\u00a0\u00a0\u00a0\u00a0\u00a0\u00a0\u00a0 Zum M\u00fchlehannes<br \/>15.10.2026\u00a0\u00a0\u00a0\u00a0\u00a0\u00a0\u00a0\u00a0\u00a0 nach Rosenkranzandacht: Zum M\u00fchlehannes<br \/>19.11.2026\u00a0\u00a0\u00a0\u00a0\u00a0\u00a0\u00a0\u00a0\u00a0 Kein Stammtisch (Gin-Tasting im Jugendheim, nur mit Anmeldung)<br \/>17.12.2026\u00a0\u00a0\u00a0\u00a0\u00a0\u00a0\u00a0\u00a0\u00a0 Kein Stammtisch<\/p>\n<hr \/>\n<p><strong><u>Samstag, 21.02.2026<\/u><\/strong><\/p>\n<p><strong>9 \u2013 15 Uhr: KVP (Konferenz der Pr\u00e4sides und Vorsitzenden) <\/strong>in Falkenstein. Helfer f\u00fcr Mittagessen, Kaffee &amp; Kuchen ben\u00f6tigt. Anreise schon freitags m\u00f6glich.<\/p>\n<p><strong><u>Freitag\/Samstag, 13.\/14.03.2026<br \/><\/u><\/strong><strong>Arbeitseinsatz in Falkenstein. <\/strong>Ob Alt oder Jung, jeder kann helfen, sei es Kochen, Kehren, Aufr\u00e4umen oder andere Arbeiten je nach Talent, wie z.B. Anstreichen, Schreinerarbeiten, \u2026. Gemeinsam macht der Einsatz f\u00fcr unser Haus mehr Spa\u00df!<\/p>\n<p><strong><u>Sonntag, 15.03.2026 &#8211; <\/u><\/strong><strong><u>Kolping-Fr\u00fchjahrsbrunch<br \/><\/u><\/strong><strong>Ab 11 Uhr<\/strong> l\u00e4dt die KF zum <strong>gem\u00fctlichen Fr\u00fchjahrsbrunch<\/strong> ein. Das Buffet stellt die KF, Getr\u00e4nke bitte selbst mitbringen. Eine Spendenbox steht bereit. Ein Vormittag f\u00fcr Familien, Kinder und alle, die in Gemeinschaft genie\u00dfen wollen, <strong>auch Nichtmitglieder!<\/strong><\/p>\n<p>Anmeldungen bei Nathalie Reichard (M 0176\/66868361) und J\u00f6rg Wilhelmi (WhatsApp) unbedingt erforderlich!<\/p>\n<p><strong><u>Donnerstag, 19.03.2026<br \/><\/u><\/strong><strong>19.00 Uhr Mitgliederversammlung <\/strong>im Jugendheim St. Johannes.<\/p>\n<p><strong><u>Samstag, 09.05.2026<br \/><\/u><\/strong><strong>Di\u00f6zesanversammlung DV Speyer.<\/strong><\/p>\n<p><strong><u>Donnerstag, 21.05.2026<br \/><\/u><\/strong><strong>18.00 Uhr Maiandacht<\/strong> an der Geistkircher Kapelle.<br \/>Abmarsch an der Pestalozzischule um 17.15 Uhr, anschlie\u00dfend <strong>Kolping-Stammtisch<\/strong> in der \u201eLuitpold\u2019s Lust\u201c.<\/p>\n<p><strong><u>Sonntag, 31.05.2026 \u2013 Dreifaltigkeitssonntag <\/u><\/strong><u>(A.M.)<br \/><\/u><strong>10.30 Uhr Besuch der Messe an der Geistkircher Kapelle. <\/strong>Anschlie\u00dfend Familienwanderung zum Eschweiler Hof.<br \/>Gegen 13 Uhr Ankunft und Mittagessen im Eschweiler Hof.<\/p>\n<p><strong><u>Sonntag, 21.06.2026<br \/><\/u><\/strong><strong>10.30 Uhr Feldgottesdienst am Glash\u00fctter Weiher<\/strong> bei trockenem Wetter. Bei Regen finden der Gottesdienst in der Pfarrkirche St. Johannes statt.<\/p>\n<p><strong><u>29.06. bis 07.08.2026 \u2013 Sommerferien<br \/><\/u><\/strong>Wir w\u00fcnschen allen einen sch\u00f6nen und erholsamen Urlaub!<\/p>\n<p><strong><u>Freitag\/Samstag, 07.\/08.08.2026<br \/><\/u><\/strong><strong>Altrohrbachfest. <\/strong>Wir arbeiten f\u00fcr einen guten Zweck! Sch\u00f6n w\u00e4re es, wenn sich jeder beteiligen w\u00fcrde. Wir freuen uns \u00fcber eine Mitarbeit!<\/p>\n<p><strong><u>Samstag, 29.08.2026<br \/><\/u><\/strong><strong>Ab 09.00 Uhr Di\u00f6zesankleidersammlung<\/strong> in Rohrbach und Hassel. T\u00fcten liegen in den bekannten Gesch\u00e4ften aus.<\/p>\n<p><strong><u>Donnerstag, 15.10.2026<br \/><\/u><\/strong><strong>17.30 Uhr Rosenkranzandacht<\/strong> an der Geistkircher Kapelle.<br \/>Abmarsch an der Pestalozzischule um 16.45 Uhr. Anschlie\u00dfend <strong>Kolping-Stammtisch<\/strong> im Gasthaus \u201eZum M\u00fchlehannes\u201c.<\/p>\n<p><strong><u>Freitag\/Samstag, 16.\/17.10.2026<br \/><\/u><\/strong><strong>Arbeitseinsatz in Falkenstein. <\/strong>Gemeinsam macht der Einsatz f\u00fcr unser Haus doppelt so viel Spa\u00df!<\/p>\n<p><strong><u>Dienstag, 03.11.2026<br \/><\/u><\/strong><strong>Ab 17.00 Uhr Kegelabend<\/strong> mit Jung und Alt unter Anleitung von Harald M. u. Riobert B.. Der genaue Ort wird noch bekannt gegeben.<\/p>\n<p><strong><u>Donnerstag, 19.11.2026<br \/><\/u><\/strong><strong>Ab 19.00 Uhr Gin-Tasting II<\/strong> im Jugendheim. Unser Pr\u00e4ses pr\u00e4sentiert neue Gins. Da die Teilnehmerzahl begrenzt ist, sind Anmeldungen unbedingt erforderlich.<\/p>\n<p><strong><u>Sonntag, 06.12.2026 \u2013 2. Advent &#8211; Kolpinggedenktag<br \/><\/u><\/strong><strong>10.30 Uhr Gottesdienst<\/strong> in St. Johannes. Anschlie\u00dfend feiern wir gemeinsam im Jugendheim mit Mittagessen und Kaffee und Kuchen. Um Anmeldung wird gebeten!<\/p>\n<p><span style=\"color: #ff6600;\"><strong>Programm\u00e4nderungen sind m\u00f6glich, bitte beachten Sie die Ank\u00fcndigungen im Pfarrbrief bzw. der \u00f6rtlichen Presse.<\/strong><\/span><\/p>\n","protected":false},"excerpt":{"rendered":"<p>+++ ALLE TERMINE K\u00d6NNEN SIE HIER ALS FLYER HERUNTERLADEN +++ NEU: ab Januar: After-Work-AndachtEinmal im Monat innehalten: Ab Januar 2026, jeden 3.Donnerstag um 17 Uhr im Jugendheim Rohrbach. Kurze Andacht, Begegnung, Snacks und Getr\u00e4nke \u2013 f\u00fcr Familien und Berufst\u00e4tige, die bewusst zur Ruhe kommen m\u00f6chten. Die After-Work-Andachten finden immer vor den Kolping-Stammtischterminen statt (siehe unten). &hellip; <a href=\"https:\/\/www.kolping-rohrbach.de\/kf\/aktuelle-termine\/\" class=\"more-link\"><span class=\"screen-reader-text\">Aktuelle Termine 2026<\/span> weiterlesen <span class=\"meta-nav\">&rarr;<\/span><\/a><\/p>\n","protected":false},"author":1,"featured_media":0,"parent":0,"menu_order":0,"comment_status":"closed","ping_status":"closed","template":"","meta":{"footnotes":""},"class_list":["post-51","page","type-page","status-publish","hentry"],"aioseo_notices":[],"_links":{"self":[{"href":"https:\/\/www.kolping-rohrbach.de\/kf\/wp-json\/wp\/v2\/pages\/51","targetHints":{"allow":["GET"]}}],"collection":[{"href":"https:\/\/www.kolping-rohrbach.de\/kf\/wp-json\/wp\/v2\/pages"}],"about":[{"href":"https:\/\/www.kolping-rohrbach.de\/kf\/wp-json\/wp\/v2\/types\/page"}],"author":[{"embeddable":true,"href":"https:\/\/www.kolping-rohrbach.de\/kf\/wp-json\/wp\/v2\/users\/1"}],"replies":[{"embeddable":true,"href":"https:\/\/www.kolping-rohrbach.de\/kf\/wp-json\/wp\/v2\/comments?post=51"}],"version-history":[{"count":26,"href":"https:\/\/www.kolping-rohrbach.de\/kf\/wp-json\/wp\/v2\/pages\/51\/revisions"}],"predecessor-version":[{"id":406,"href":"https:\/\/www.kolping-rohrbach.de\/kf\/wp-json\/wp\/v2\/pages\/51\/revisions\/406"}],"wp:attachment":[{"href":"https:\/\/www.kolping-rohrbach.de\/kf\/wp-json\/wp\/v2\/media?parent=51"}],"curies":[{"name":"wp","href":"https:\/\/api.w.org\/{rel}","templated":true}]}}